{"id":13251,"date":"2024-04-04T10:35:20","date_gmt":"2024-04-04T08:35:20","guid":{"rendered":"https:\/\/www.olionovaro.it\/prodotto\/artichoke-and-tuna-pate-180-g\/"},"modified":"2024-04-23T09:18:38","modified_gmt":"2024-04-23T07:18:38","slug":"artichoke-and-tuna-pate-180-g","status":"publish","type":"product","link":"https:\/\/www.olionovaro.it\/en\/prodotto\/artichoke-and-tuna-pate-180-g\/","title":{"rendered":"Artichoke and Tuna Pat\u00e9 180 g"},"content":{"rendered":"<p>Novaro Artichoke and Tuna Pat\u00e9 is obtained from tuna fillets, baby artichokes and a drizzle of olive oil.<\/p>\n<p>Our Artichoke and Tuna Pat\u00e9 comes from a union of two very different ingredients, one from the land and the other from the sea. Unexpectedly, the combination results in a delicious, creamy sauce, suitable for a multitude of occasions.<\/p>\n<p><b>Product label<\/b><br \/>\nThe label with the\u00a0<b>nutritional information\u00a0<\/b>and the other product details can be found in the \u2018Allegati\u2019.<\/p>\n<p><b>Uses<\/b><br \/>\nThe Novaro Artichoke and Tuna Pat\u00e9 is ideal for enriching sandwiches, as an appetizer or aperitif, as a dip for raw vegetables, spread on bruschetta or canapes, or it pairs equally well with meat and grilled fish. Furthermore it makes a delightful pasta sauce and is excellent as a tasty dip for bourguignon.<\/p>\n<p><b>Storage instructions<\/b><br \/>\nStore in a cool dry place, away from heat sources. Once opened keep refrigerated (+4\u00b0C). Consume within 5 days.<\/p>\n","protected":false},"excerpt":{"rendered":"<p>Novaro Artichoke and Tuna Pat\u00e9 is obtained from tuna fillets, baby artichokes and a drizzle of olive oil. Our Artichoke and Tuna Pat\u00e9 comes from a union of two very different ingredients, one from the land and the other from the sea. Unexpectedly, the combination results in a delicious, creamy sauce, suitable for a multitude&hellip;<\/p>\n","protected":false},"featured_media":13136,"comment_status":"open","ping_status":"closed","template":"","meta":{"_acf_changed":false},"product_brand":[],"product_cat":[933],"product_tag":[727,720,961,962,960],"class_list":{"0":"post-13251","1":"product","2":"type-product","3":"status-publish","4":"has-post-thumbnail","6":"product_cat-novaro-specialities","7":"product_tag-aperitifs","8":"product_tag-canape-filling","9":"product_tag-cold-rice-or-pasta-salads","10":"product_tag-on-pizza","11":"product_tag-starters-en","12":"pa_ideale-per-aperitifs","13":"pa_ideale-per-appetizers","14":"pa_ideale-per-bruschetta","15":"pa_ideale-per-cold-rice-or-pasta-salads","16":"pa_ideale-per-garnishing-of-elaborate-dishes","17":"pa_ideale-per-on-pizza","18":"pa_ideale-per-pasta-seasoning","19":"pa_intensita-delicate","20":"description-off","22":"first","23":"instock","24":"taxable","25":"shipping-taxable","26":"purchasable","27":"product-type-simple"},"acf":[],"yoast_head":"<!-- This site is optimized with the Yoast SEO plugin v24.3 - https:\/\/yoast.com\/wordpress\/plugins\/seo\/ -->\n<title>Artichoke and Tuna Pat\u00e9 180 g - Olio Novaro<\/title>\n<meta name=\"description\" content=\"Novaro Artichoke and tuna pat\u00e9: a delightful union of land and sea; excellent as a starter or aperitif spread on bruschetta or canap\u00e9s\" \/>\n<meta name=\"robots\" content=\"index, follow, max-snippet:-1, max-image-preview:large, max-video-preview:-1\" \/>\n<link rel=\"canonical\" href=\"https:\/\/www.olionovaro.it\/en\/prodotto\/artichoke-and-tuna-pate-180-g\/\" \/>\n<meta property=\"og:locale\" content=\"en_US\" \/>\n<meta property=\"og:type\" content=\"article\" \/>\n<meta property=\"og:title\" content=\"Artichoke and Tuna Pat\u00e9 180 g - Olio Novaro\" \/>\n<meta property=\"og:description\" content=\"Novaro Artichoke and tuna pat\u00e9: a delightful union of land and sea; excellent as a starter or aperitif spread on bruschetta or canap\u00e9s\" \/>\n<meta property=\"og:url\" content=\"https:\/\/www.olionovaro.it\/en\/prodotto\/artichoke-and-tuna-pate-180-g\/\" \/>\n<meta property=\"og:site_name\" content=\"Olio Novaro\" \/>\n<meta property=\"article:modified_time\" content=\"2024-04-23T07:18:38+00:00\" \/>\n<meta property=\"og:image\" content=\"https:\/\/www.olionovaro.it\/wp-content\/uploads\/2024\/04\/Novaro-tuna-and-artichoke-crema-carciofi-tonno-180g.jpg\" \/>\n\t<meta property=\"og:image:width\" content=\"999\" \/>\n\t<meta property=\"og:image:height\" content=\"999\" \/>\n\t<meta property=\"og:image:type\" content=\"image\/jpeg\" \/>\n<meta name=\"twitter:card\" content=\"summary_large_image\" \/>\n<meta name=\"twitter:label1\" content=\"Est. reading time\" \/>\n\t<meta name=\"twitter:data1\" content=\"1 minute\" \/>\n<script type=\"application\/ld+json\" class=\"yoast-schema-graph\">{\"@context\":\"https:\/\/schema.org\",\"@graph\":[{\"@type\":\"WebPage\",\"@id\":\"https:\/\/www.olionovaro.it\/en\/prodotto\/artichoke-and-tuna-pate-180-g\/\",\"url\":\"https:\/\/www.olionovaro.it\/en\/prodotto\/artichoke-and-tuna-pate-180-g\/\",\"name\":\"Artichoke and Tuna Pat\u00e9 180 g - Olio Novaro\",\"isPartOf\":{\"@id\":\"https:\/\/www.olionovaro.it\/en\/#website\"},\"primaryImageOfPage\":{\"@id\":\"https:\/\/www.olionovaro.it\/en\/prodotto\/artichoke-and-tuna-pate-180-g\/#primaryimage\"},\"image\":{\"@id\":\"https:\/\/www.olionovaro.it\/en\/prodotto\/artichoke-and-tuna-pate-180-g\/#primaryimage\"},\"thumbnailUrl\":\"https:\/\/www.olionovaro.it\/wp-content\/uploads\/2024\/04\/Novaro-tuna-and-artichoke-crema-carciofi-tonno-180g.jpg\",\"datePublished\":\"2024-04-04T08:35:20+00:00\",\"dateModified\":\"2024-04-23T07:18:38+00:00\",\"description\":\"Novaro Artichoke and tuna pat\u00e9: a delightful union of land and sea; excellent as a starter or aperitif spread on bruschetta or canap\u00e9s\",\"breadcrumb\":{\"@id\":\"https:\/\/www.olionovaro.it\/en\/prodotto\/artichoke-and-tuna-pate-180-g\/#breadcrumb\"},\"inLanguage\":\"en-US\",\"potentialAction\":[{\"@type\":\"ReadAction\",\"target\":[\"https:\/\/www.olionovaro.it\/en\/prodotto\/artichoke-and-tuna-pate-180-g\/\"]}]},{\"@type\":\"ImageObject\",\"inLanguage\":\"en-US\",\"@id\":\"https:\/\/www.olionovaro.it\/en\/prodotto\/artichoke-and-tuna-pate-180-g\/#primaryimage\",\"url\":\"https:\/\/www.olionovaro.it\/wp-content\/uploads\/2024\/04\/Novaro-tuna-and-artichoke-crema-carciofi-tonno-180g.jpg\",\"contentUrl\":\"https:\/\/www.olionovaro.it\/wp-content\/uploads\/2024\/04\/Novaro-tuna-and-artichoke-crema-carciofi-tonno-180g.jpg\",\"width\":999,\"height\":999,\"caption\":\"Crema\"},{\"@type\":\"BreadcrumbList\",\"@id\":\"https:\/\/www.olionovaro.it\/en\/prodotto\/artichoke-and-tuna-pate-180-g\/#breadcrumb\",\"itemListElement\":[{\"@type\":\"ListItem\",\"position\":1,\"name\":\"Home\",\"item\":\"https:\/\/www.olionovaro.it\/en\/\"},{\"@type\":\"ListItem\",\"position\":2,\"name\":\"Shop Online\",\"item\":\"https:\/\/www.olionovaro.it\/shop\/\"},{\"@type\":\"ListItem\",\"position\":3,\"name\":\"Artichoke and Tuna Pat\u00e9 180 g\"}]},{\"@type\":\"WebSite\",\"@id\":\"https:\/\/www.olionovaro.it\/en\/#website\",\"url\":\"https:\/\/www.olionovaro.it\/en\/\",\"name\":\"Olio Novaro\",\"description\":\"Novaro \u00e8 un&#039;antica Casa Olearia, costituita nel 1921\",\"publisher\":{\"@id\":\"https:\/\/www.olionovaro.it\/en\/#organization\"},\"potentialAction\":[{\"@type\":\"SearchAction\",\"target\":{\"@type\":\"EntryPoint\",\"urlTemplate\":\"https:\/\/www.olionovaro.it\/en\/?s={search_term_string}\"},\"query-input\":{\"@type\":\"PropertyValueSpecification\",\"valueRequired\":true,\"valueName\":\"search_term_string\"}}],\"inLanguage\":\"en-US\"},{\"@type\":\"Organization\",\"@id\":\"https:\/\/www.olionovaro.it\/en\/#organization\",\"name\":\"Olio Novaro\",\"url\":\"https:\/\/www.olionovaro.it\/en\/\",\"logo\":{\"@type\":\"ImageObject\",\"inLanguage\":\"en-US\",\"@id\":\"https:\/\/www.olionovaro.it\/en\/#\/schema\/logo\/image\/\",\"url\":\"https:\/\/www.olionovaro.it\/wp-content\/uploads\/2021\/08\/Marchio_Rosso-_frondeeacf04_e_scritta_h100.png\",\"contentUrl\":\"https:\/\/www.olionovaro.it\/wp-content\/uploads\/2021\/08\/Marchio_Rosso-_frondeeacf04_e_scritta_h100.png\",\"width\":556,\"height\":100,\"caption\":\"Olio Novaro\"},\"image\":{\"@id\":\"https:\/\/www.olionovaro.it\/en\/#\/schema\/logo\/image\/\"}}]}<\/script>\n<!-- \/ Yoast SEO plugin. -->","yoast_head_json":{"title":"Artichoke and Tuna Pat\u00e9 180 g - Olio Novaro","description":"Novaro Artichoke and tuna pat\u00e9: a delightful union of land and sea; excellent as a starter or aperitif spread on bruschetta or canap\u00e9s","robots":{"index":"index","follow":"follow","max-snippet":"max-snippet:-1","max-image-preview":"max-image-preview:large","max-video-preview":"max-video-preview:-1"},"canonical":"https:\/\/www.olionovaro.it\/en\/prodotto\/artichoke-and-tuna-pate-180-g\/","og_locale":"en_US","og_type":"article","og_title":"Artichoke and Tuna Pat\u00e9 180 g - Olio Novaro","og_description":"Novaro Artichoke and tuna pat\u00e9: a delightful union of land and sea; excellent as a starter or aperitif spread on bruschetta or canap\u00e9s","og_url":"https:\/\/www.olionovaro.it\/en\/prodotto\/artichoke-and-tuna-pate-180-g\/","og_site_name":"Olio Novaro","article_modified_time":"2024-04-23T07:18:38+00:00","og_image":[{"width":999,"height":999,"url":"https:\/\/www.olionovaro.it\/wp-content\/uploads\/2024\/04\/Novaro-tuna-and-artichoke-crema-carciofi-tonno-180g.jpg","type":"image\/jpeg"}],"twitter_card":"summary_large_image","twitter_misc":{"Est. reading time":"1 minute"},"schema":{"@context":"https:\/\/schema.org","@graph":[{"@type":"WebPage","@id":"https:\/\/www.olionovaro.it\/en\/prodotto\/artichoke-and-tuna-pate-180-g\/","url":"https:\/\/www.olionovaro.it\/en\/prodotto\/artichoke-and-tuna-pate-180-g\/","name":"Artichoke and Tuna Pat\u00e9 180 g - Olio Novaro","isPartOf":{"@id":"https:\/\/www.olionovaro.it\/en\/#website"},"primaryImageOfPage":{"@id":"https:\/\/www.olionovaro.it\/en\/prodotto\/artichoke-and-tuna-pate-180-g\/#primaryimage"},"image":{"@id":"https:\/\/www.olionovaro.it\/en\/prodotto\/artichoke-and-tuna-pate-180-g\/#primaryimage"},"thumbnailUrl":"https:\/\/www.olionovaro.it\/wp-content\/uploads\/2024\/04\/Novaro-tuna-and-artichoke-crema-carciofi-tonno-180g.jpg","datePublished":"2024-04-04T08:35:20+00:00","dateModified":"2024-04-23T07:18:38+00:00","description":"Novaro Artichoke and tuna pat\u00e9: a delightful union of land and sea; excellent as a starter or aperitif spread on bruschetta or canap\u00e9s","breadcrumb":{"@id":"https:\/\/www.olionovaro.it\/en\/prodotto\/artichoke-and-tuna-pate-180-g\/#breadcrumb"},"inLanguage":"en-US","potentialAction":[{"@type":"ReadAction","target":["https:\/\/www.olionovaro.it\/en\/prodotto\/artichoke-and-tuna-pate-180-g\/"]}]},{"@type":"ImageObject","inLanguage":"en-US","@id":"https:\/\/www.olionovaro.it\/en\/prodotto\/artichoke-and-tuna-pate-180-g\/#primaryimage","url":"https:\/\/www.olionovaro.it\/wp-content\/uploads\/2024\/04\/Novaro-tuna-and-artichoke-crema-carciofi-tonno-180g.jpg","contentUrl":"https:\/\/www.olionovaro.it\/wp-content\/uploads\/2024\/04\/Novaro-tuna-and-artichoke-crema-carciofi-tonno-180g.jpg","width":999,"height":999,"caption":"Crema"},{"@type":"BreadcrumbList","@id":"https:\/\/www.olionovaro.it\/en\/prodotto\/artichoke-and-tuna-pate-180-g\/#breadcrumb","itemListElement":[{"@type":"ListItem","position":1,"name":"Home","item":"https:\/\/www.olionovaro.it\/en\/"},{"@type":"ListItem","position":2,"name":"Shop Online","item":"https:\/\/www.olionovaro.it\/shop\/"},{"@type":"ListItem","position":3,"name":"Artichoke and Tuna Pat\u00e9 180 g"}]},{"@type":"WebSite","@id":"https:\/\/www.olionovaro.it\/en\/#website","url":"https:\/\/www.olionovaro.it\/en\/","name":"Olio Novaro","description":"Novaro \u00e8 un&#039;antica Casa Olearia, costituita nel 1921","publisher":{"@id":"https:\/\/www.olionovaro.it\/en\/#organization"},"potentialAction":[{"@type":"SearchAction","target":{"@type":"EntryPoint","urlTemplate":"https:\/\/www.olionovaro.it\/en\/?s={search_term_string}"},"query-input":{"@type":"PropertyValueSpecification","valueRequired":true,"valueName":"search_term_string"}}],"inLanguage":"en-US"},{"@type":"Organization","@id":"https:\/\/www.olionovaro.it\/en\/#organization","name":"Olio Novaro","url":"https:\/\/www.olionovaro.it\/en\/","logo":{"@type":"ImageObject","inLanguage":"en-US","@id":"https:\/\/www.olionovaro.it\/en\/#\/schema\/logo\/image\/","url":"https:\/\/www.olionovaro.it\/wp-content\/uploads\/2021\/08\/Marchio_Rosso-_frondeeacf04_e_scritta_h100.png","contentUrl":"https:\/\/www.olionovaro.it\/wp-content\/uploads\/2021\/08\/Marchio_Rosso-_frondeeacf04_e_scritta_h100.png","width":556,"height":100,"caption":"Olio Novaro"},"image":{"@id":"https:\/\/www.olionovaro.it\/en\/#\/schema\/logo\/image\/"}}]}},"_links":{"self":[{"href":"https:\/\/www.olionovaro.it\/en\/wp-json\/wp\/v2\/product\/13251","targetHints":{"allow":["GET"]}}],"collection":[{"href":"https:\/\/www.olionovaro.it\/en\/wp-json\/wp\/v2\/product"}],"about":[{"href":"https:\/\/www.olionovaro.it\/en\/wp-json\/wp\/v2\/types\/product"}],"replies":[{"embeddable":true,"href":"https:\/\/www.olionovaro.it\/en\/wp-json\/wp\/v2\/comments?post=13251"}],"wp:featuredmedia":[{"embeddable":true,"href":"https:\/\/www.olionovaro.it\/en\/wp-json\/wp\/v2\/media\/13136"}],"wp:attachment":[{"href":"https:\/\/www.olionovaro.it\/en\/wp-json\/wp\/v2\/media?parent=13251"}],"wp:term":[{"taxonomy":"product_brand","embeddable":true,"href":"https:\/\/www.olionovaro.it\/en\/wp-json\/wp\/v2\/product_brand?post=13251"},{"taxonomy":"product_cat","embeddable":true,"href":"https:\/\/www.olionovaro.it\/en\/wp-json\/wp\/v2\/product_cat?post=13251"},{"taxonomy":"product_tag","embeddable":true,"href":"https:\/\/www.olionovaro.it\/en\/wp-json\/wp\/v2\/product_tag?post=13251"}],"curies":[{"name":"wp","href":"https:\/\/api.w.org\/{rel}","templated":true}]}}