{"id":13276,"date":"2024-04-03T20:26:31","date_gmt":"2024-04-03T18:26:31","guid":{"rendered":"https:\/\/www.olionovaro.it\/prodotto\/sundried-tomato-pate-180-g\/"},"modified":"2024-04-03T20:26:31","modified_gmt":"2024-04-03T18:26:31","slug":"sundried-tomato-pate-180-g","status":"publish","type":"product","link":"https:\/\/www.olionovaro.it\/en\/prodotto\/sundried-tomato-pate-180-g\/","title":{"rendered":"Sundried Tomato Pat\u00e9 180 g"},"content":{"rendered":"<p>Novaro Sundried Tomato Pat\u00e8 180 g is a tasty sauce made from fleshy ripe Italian tomatoes dried in the Mediterranean sun.<\/p>\n<p>Slightly spicy &#8211; thanks to the addition of a touch of chilli pepper and garlic &#8211; it is suitable for a variety of gastronomic preparations.<\/p>\n<p><b>Product label<\/b><br \/>\nThe label with the\u00a0<b>nutritional information\u00a0<\/b>and the other product details can be found in the \u2018Allegati\u2019.<\/p>\n<p><b>Uses<\/b><br \/>\nThe Novaro Sundried Tomato Pat\u00e9 is perfect for the preparation of delicious canap\u00e9s. However, it can also be used to flavour boiled, grilled and meat-based main course dishes in general, on pasta and in sauces, and spread on simple crostini toast and bruschetta.<\/p>\n<p><b>Storage instructions<\/b><br \/>\nStore in a cool dry place, away from heat sources. Once opened keep refrigerated (+4\u00b0C). Consume within 3 days.<\/p>\n","protected":false},"excerpt":{"rendered":"<p>Novaro Sundried Tomato Pat\u00e8 180 g is a tasty sauce made from fleshy ripe Italian tomatoes dried in the Mediterranean sun. Slightly spicy &#8211; thanks to the addition of a touch of chilli pepper and garlic &#8211; it is suitable for a variety of gastronomic preparations. Product label The label with the\u00a0nutritional information\u00a0and the other&hellip;<\/p>\n","protected":false},"featured_media":13130,"comment_status":"open","ping_status":"closed","template":"","meta":{"_acf_changed":false},"product_brand":[],"product_cat":[933],"product_tag":[720,667,689,597,746],"class_list":{"0":"post-13276","1":"product","2":"type-product","3":"status-publish","4":"has-post-thumbnail","6":"product_cat-novaro-specialities","7":"product_tag-canape-filling","8":"product_tag-mediterranean","9":"product_tag-ready-to-eat-en","10":"product_tag-starter-en","11":"product_tag-sundried-tomatoes-en","12":"pa_ideale-per-aperitifs","13":"pa_ideale-per-appetizers","14":"pa_ideale-per-boiled-meat","15":"pa_ideale-per-pasta-seasoning","16":"pa_ideale-per-casserole-rabbit","17":"pa_ideale-per-stir-fried-meat-and-vegetables","18":"pa_ideale-per-to-flavour-sauces-during-cooking","19":"pa_intensita-slightly-spicy","20":"pa_intensita-tasty-but-not-overpowering","21":"pa_provenienza-olio-italian-tomatoes","22":"description-off","24":"first","25":"instock","26":"taxable","27":"shipping-taxable","28":"purchasable","29":"product-type-simple"},"acf":[],"yoast_head":"<!-- This site is optimized with the Yoast SEO plugin v24.3 - https:\/\/yoast.com\/wordpress\/plugins\/seo\/ -->\n<title>Sundried Tomato Pat\u00e9 180 g - Olio Novaro<\/title>\n<meta name=\"description\" content=\"Novaro Sundried Pat\u00e9: a delicious cream ideal for canap\u00e9s, spread on bruschetta and crostini, to flavour meat dishes and on pasta and sauces\" \/>\n<meta name=\"robots\" content=\"index, follow, max-snippet:-1, max-image-preview:large, max-video-preview:-1\" \/>\n<link rel=\"canonical\" href=\"https:\/\/www.olionovaro.it\/en\/prodotto\/sundried-tomato-pate-180-g\/\" \/>\n<meta property=\"og:locale\" content=\"en_US\" \/>\n<meta property=\"og:type\" content=\"article\" \/>\n<meta property=\"og:title\" content=\"Sundried Tomato Pat\u00e9 180 g - Olio Novaro\" \/>\n<meta property=\"og:description\" content=\"Novaro Sundried Pat\u00e9: a delicious cream ideal for canap\u00e9s, spread on bruschetta and crostini, to flavour meat dishes and on pasta and sauces\" \/>\n<meta property=\"og:url\" content=\"https:\/\/www.olionovaro.it\/en\/prodotto\/sundried-tomato-pate-180-g\/\" \/>\n<meta property=\"og:site_name\" content=\"Olio Novaro\" \/>\n<meta property=\"og:image\" content=\"https:\/\/www.olionovaro.it\/wp-content\/uploads\/2024\/04\/Novaro-Sundried-Tomatoes-cream-pate-pomodori-secchi-italiani-180g.jpg\" \/>\n\t<meta property=\"og:image:width\" content=\"999\" \/>\n\t<meta property=\"og:image:height\" content=\"1000\" \/>\n\t<meta property=\"og:image:type\" content=\"image\/jpeg\" \/>\n<meta name=\"twitter:card\" content=\"summary_large_image\" \/>\n<meta name=\"twitter:label1\" content=\"Est. reading time\" \/>\n\t<meta name=\"twitter:data1\" content=\"1 minute\" \/>\n<script type=\"application\/ld+json\" class=\"yoast-schema-graph\">{\"@context\":\"https:\/\/schema.org\",\"@graph\":[{\"@type\":\"WebPage\",\"@id\":\"https:\/\/www.olionovaro.it\/en\/prodotto\/sundried-tomato-pate-180-g\/\",\"url\":\"https:\/\/www.olionovaro.it\/en\/prodotto\/sundried-tomato-pate-180-g\/\",\"name\":\"Sundried Tomato Pat\u00e9 180 g - Olio Novaro\",\"isPartOf\":{\"@id\":\"https:\/\/www.olionovaro.it\/en\/#website\"},\"primaryImageOfPage\":{\"@id\":\"https:\/\/www.olionovaro.it\/en\/prodotto\/sundried-tomato-pate-180-g\/#primaryimage\"},\"image\":{\"@id\":\"https:\/\/www.olionovaro.it\/en\/prodotto\/sundried-tomato-pate-180-g\/#primaryimage\"},\"thumbnailUrl\":\"https:\/\/www.olionovaro.it\/wp-content\/uploads\/2024\/04\/Novaro-Sundried-Tomatoes-cream-pate-pomodori-secchi-italiani-180g.jpg\",\"datePublished\":\"2024-04-03T18:26:31+00:00\",\"dateModified\":\"2024-04-03T18:26:31+00:00\",\"description\":\"Novaro Sundried Pat\u00e9: a delicious cream ideal for canap\u00e9s, spread on bruschetta and crostini, to flavour meat dishes and on pasta and sauces\",\"breadcrumb\":{\"@id\":\"https:\/\/www.olionovaro.it\/en\/prodotto\/sundried-tomato-pate-180-g\/#breadcrumb\"},\"inLanguage\":\"en-US\",\"potentialAction\":[{\"@type\":\"ReadAction\",\"target\":[\"https:\/\/www.olionovaro.it\/en\/prodotto\/sundried-tomato-pate-180-g\/\"]}]},{\"@type\":\"ImageObject\",\"inLanguage\":\"en-US\",\"@id\":\"https:\/\/www.olionovaro.it\/en\/prodotto\/sundried-tomato-pate-180-g\/#primaryimage\",\"url\":\"https:\/\/www.olionovaro.it\/wp-content\/uploads\/2024\/04\/Novaro-Sundried-Tomatoes-cream-pate-pomodori-secchi-italiani-180g.jpg\",\"contentUrl\":\"https:\/\/www.olionovaro.it\/wp-content\/uploads\/2024\/04\/Novaro-Sundried-Tomatoes-cream-pate-pomodori-secchi-italiani-180g.jpg\",\"width\":999,\"height\":1000,\"caption\":\"Novaro-Sundried-Tomatoes-cream\"},{\"@type\":\"BreadcrumbList\",\"@id\":\"https:\/\/www.olionovaro.it\/en\/prodotto\/sundried-tomato-pate-180-g\/#breadcrumb\",\"itemListElement\":[{\"@type\":\"ListItem\",\"position\":1,\"name\":\"Home\",\"item\":\"https:\/\/www.olionovaro.it\/en\/\"},{\"@type\":\"ListItem\",\"position\":2,\"name\":\"Shop Online\",\"item\":\"https:\/\/www.olionovaro.it\/shop\/\"},{\"@type\":\"ListItem\",\"position\":3,\"name\":\"Sundried Tomato Pat\u00e9 180 g\"}]},{\"@type\":\"WebSite\",\"@id\":\"https:\/\/www.olionovaro.it\/en\/#website\",\"url\":\"https:\/\/www.olionovaro.it\/en\/\",\"name\":\"Olio Novaro\",\"description\":\"Novaro \u00e8 un&#039;antica Casa Olearia, costituita nel 1921\",\"publisher\":{\"@id\":\"https:\/\/www.olionovaro.it\/en\/#organization\"},\"potentialAction\":[{\"@type\":\"SearchAction\",\"target\":{\"@type\":\"EntryPoint\",\"urlTemplate\":\"https:\/\/www.olionovaro.it\/en\/?s={search_term_string}\"},\"query-input\":{\"@type\":\"PropertyValueSpecification\",\"valueRequired\":true,\"valueName\":\"search_term_string\"}}],\"inLanguage\":\"en-US\"},{\"@type\":\"Organization\",\"@id\":\"https:\/\/www.olionovaro.it\/en\/#organization\",\"name\":\"Olio Novaro\",\"url\":\"https:\/\/www.olionovaro.it\/en\/\",\"logo\":{\"@type\":\"ImageObject\",\"inLanguage\":\"en-US\",\"@id\":\"https:\/\/www.olionovaro.it\/en\/#\/schema\/logo\/image\/\",\"url\":\"https:\/\/www.olionovaro.it\/wp-content\/uploads\/2021\/08\/Marchio_Rosso-_frondeeacf04_e_scritta_h100.png\",\"contentUrl\":\"https:\/\/www.olionovaro.it\/wp-content\/uploads\/2021\/08\/Marchio_Rosso-_frondeeacf04_e_scritta_h100.png\",\"width\":556,\"height\":100,\"caption\":\"Olio Novaro\"},\"image\":{\"@id\":\"https:\/\/www.olionovaro.it\/en\/#\/schema\/logo\/image\/\"}}]}<\/script>\n<!-- \/ Yoast SEO plugin. -->","yoast_head_json":{"title":"Sundried Tomato Pat\u00e9 180 g - Olio Novaro","description":"Novaro Sundried Pat\u00e9: a delicious cream ideal for canap\u00e9s, spread on bruschetta and crostini, to flavour meat dishes and on pasta and sauces","robots":{"index":"index","follow":"follow","max-snippet":"max-snippet:-1","max-image-preview":"max-image-preview:large","max-video-preview":"max-video-preview:-1"},"canonical":"https:\/\/www.olionovaro.it\/en\/prodotto\/sundried-tomato-pate-180-g\/","og_locale":"en_US","og_type":"article","og_title":"Sundried Tomato Pat\u00e9 180 g - Olio Novaro","og_description":"Novaro Sundried Pat\u00e9: a delicious cream ideal for canap\u00e9s, spread on bruschetta and crostini, to flavour meat dishes and on pasta and sauces","og_url":"https:\/\/www.olionovaro.it\/en\/prodotto\/sundried-tomato-pate-180-g\/","og_site_name":"Olio Novaro","og_image":[{"width":999,"height":1000,"url":"https:\/\/www.olionovaro.it\/wp-content\/uploads\/2024\/04\/Novaro-Sundried-Tomatoes-cream-pate-pomodori-secchi-italiani-180g.jpg","type":"image\/jpeg"}],"twitter_card":"summary_large_image","twitter_misc":{"Est. reading time":"1 minute"},"schema":{"@context":"https:\/\/schema.org","@graph":[{"@type":"WebPage","@id":"https:\/\/www.olionovaro.it\/en\/prodotto\/sundried-tomato-pate-180-g\/","url":"https:\/\/www.olionovaro.it\/en\/prodotto\/sundried-tomato-pate-180-g\/","name":"Sundried Tomato Pat\u00e9 180 g - Olio Novaro","isPartOf":{"@id":"https:\/\/www.olionovaro.it\/en\/#website"},"primaryImageOfPage":{"@id":"https:\/\/www.olionovaro.it\/en\/prodotto\/sundried-tomato-pate-180-g\/#primaryimage"},"image":{"@id":"https:\/\/www.olionovaro.it\/en\/prodotto\/sundried-tomato-pate-180-g\/#primaryimage"},"thumbnailUrl":"https:\/\/www.olionovaro.it\/wp-content\/uploads\/2024\/04\/Novaro-Sundried-Tomatoes-cream-pate-pomodori-secchi-italiani-180g.jpg","datePublished":"2024-04-03T18:26:31+00:00","dateModified":"2024-04-03T18:26:31+00:00","description":"Novaro Sundried Pat\u00e9: a delicious cream ideal for canap\u00e9s, spread on bruschetta and crostini, to flavour meat dishes and on pasta and sauces","breadcrumb":{"@id":"https:\/\/www.olionovaro.it\/en\/prodotto\/sundried-tomato-pate-180-g\/#breadcrumb"},"inLanguage":"en-US","potentialAction":[{"@type":"ReadAction","target":["https:\/\/www.olionovaro.it\/en\/prodotto\/sundried-tomato-pate-180-g\/"]}]},{"@type":"ImageObject","inLanguage":"en-US","@id":"https:\/\/www.olionovaro.it\/en\/prodotto\/sundried-tomato-pate-180-g\/#primaryimage","url":"https:\/\/www.olionovaro.it\/wp-content\/uploads\/2024\/04\/Novaro-Sundried-Tomatoes-cream-pate-pomodori-secchi-italiani-180g.jpg","contentUrl":"https:\/\/www.olionovaro.it\/wp-content\/uploads\/2024\/04\/Novaro-Sundried-Tomatoes-cream-pate-pomodori-secchi-italiani-180g.jpg","width":999,"height":1000,"caption":"Novaro-Sundried-Tomatoes-cream"},{"@type":"BreadcrumbList","@id":"https:\/\/www.olionovaro.it\/en\/prodotto\/sundried-tomato-pate-180-g\/#breadcrumb","itemListElement":[{"@type":"ListItem","position":1,"name":"Home","item":"https:\/\/www.olionovaro.it\/en\/"},{"@type":"ListItem","position":2,"name":"Shop Online","item":"https:\/\/www.olionovaro.it\/shop\/"},{"@type":"ListItem","position":3,"name":"Sundried Tomato Pat\u00e9 180 g"}]},{"@type":"WebSite","@id":"https:\/\/www.olionovaro.it\/en\/#website","url":"https:\/\/www.olionovaro.it\/en\/","name":"Olio Novaro","description":"Novaro \u00e8 un&#039;antica Casa Olearia, costituita nel 1921","publisher":{"@id":"https:\/\/www.olionovaro.it\/en\/#organization"},"potentialAction":[{"@type":"SearchAction","target":{"@type":"EntryPoint","urlTemplate":"https:\/\/www.olionovaro.it\/en\/?s={search_term_string}"},"query-input":{"@type":"PropertyValueSpecification","valueRequired":true,"valueName":"search_term_string"}}],"inLanguage":"en-US"},{"@type":"Organization","@id":"https:\/\/www.olionovaro.it\/en\/#organization","name":"Olio Novaro","url":"https:\/\/www.olionovaro.it\/en\/","logo":{"@type":"ImageObject","inLanguage":"en-US","@id":"https:\/\/www.olionovaro.it\/en\/#\/schema\/logo\/image\/","url":"https:\/\/www.olionovaro.it\/wp-content\/uploads\/2021\/08\/Marchio_Rosso-_frondeeacf04_e_scritta_h100.png","contentUrl":"https:\/\/www.olionovaro.it\/wp-content\/uploads\/2021\/08\/Marchio_Rosso-_frondeeacf04_e_scritta_h100.png","width":556,"height":100,"caption":"Olio Novaro"},"image":{"@id":"https:\/\/www.olionovaro.it\/en\/#\/schema\/logo\/image\/"}}]}},"_links":{"self":[{"href":"https:\/\/www.olionovaro.it\/en\/wp-json\/wp\/v2\/product\/13276","targetHints":{"allow":["GET"]}}],"collection":[{"href":"https:\/\/www.olionovaro.it\/en\/wp-json\/wp\/v2\/product"}],"about":[{"href":"https:\/\/www.olionovaro.it\/en\/wp-json\/wp\/v2\/types\/product"}],"replies":[{"embeddable":true,"href":"https:\/\/www.olionovaro.it\/en\/wp-json\/wp\/v2\/comments?post=13276"}],"wp:featuredmedia":[{"embeddable":true,"href":"https:\/\/www.olionovaro.it\/en\/wp-json\/wp\/v2\/media\/13130"}],"wp:attachment":[{"href":"https:\/\/www.olionovaro.it\/en\/wp-json\/wp\/v2\/media?parent=13276"}],"wp:term":[{"taxonomy":"product_brand","embeddable":true,"href":"https:\/\/www.olionovaro.it\/en\/wp-json\/wp\/v2\/product_brand?post=13276"},{"taxonomy":"product_cat","embeddable":true,"href":"https:\/\/www.olionovaro.it\/en\/wp-json\/wp\/v2\/product_cat?post=13276"},{"taxonomy":"product_tag","embeddable":true,"href":"https:\/\/www.olionovaro.it\/en\/wp-json\/wp\/v2\/product_tag?post=13276"}],"curies":[{"name":"wp","href":"https:\/\/api.w.org\/{rel}","templated":true}]}}