{"id":13431,"date":"2024-03-14T13:24:27","date_gmt":"2024-03-14T12:24:27","guid":{"rendered":"https:\/\/www.olionovaro.it\/prodotto\/taggiasca-olive-pate-500-g\/"},"modified":"2024-06-22T11:39:09","modified_gmt":"2024-06-22T09:39:09","slug":"taggiasca-olive-pate-500-g","status":"publish","type":"product","link":"https:\/\/www.olionovaro.it\/en\/prodotto\/taggiasca-olive-pate-500-g\/","title":{"rendered":"Taggiasca Olive Pat\u00e8 500 g"},"content":{"rendered":"<p>Novaro Taggiasca Olive P\u00e2t\u00e9 500 g<\/p>\n<p>Obtained from our special Taggiasca olives, a tasty and natural p\u00e2t\u00e9.<\/p>\n<p>Excellent for the preparation of appetizing canap\u00e9s and bruschetta and for flavouring meats and sauces or as is on pasta. It is also excellent when added to focaccia dough, on pizza and &#8211; during cooking &#8211; to give an extra touch of flavour to baked chicken or rabbit in a casserole.<\/p>\n<p>Taggiasca olive p\u00e2t\u00e9 is obtained by pitting Taggiasca olives in brine and finely chopping the paste with the addition of good extra virgin olive oil.<\/p>\n<p>Also available in the 180 g jar<\/p>\n<p><b>Product label<\/b><br \/>\nThe label with the\u00a0<b>nutritional information\u00a0<\/b>and the other product details can be found in the \u2018Allegati\u2019.<\/p>\n<p><b>Uses<\/b><br \/>\nThe Calvi Olive Pat\u00e9 of Taggiasca Quality has numerous uses in cooking: ideal for appetizers and aperitifs, an irresistible seasoning of pasta dishes and delicious as an accompaniment to meats and cheeses, or it can be used as a cream to spread on canap\u00e9s or bruschetta.<\/p>\n<p><b>Storage instructions<\/b><br \/>\nStore in a cool dry place. Once opened keep refrigerated (+4\u00b0C).<\/p>\n","protected":false},"excerpt":{"rendered":"<p>Novaro Taggiasca Olive P\u00e2t\u00e9 500 g Obtained from our special Taggiasca olives, a tasty and natural p\u00e2t\u00e9. Excellent for the preparation of appetizing canap\u00e9s and bruschetta and for flavouring meats and sauces or as is on pasta. It is also excellent when added to focaccia dough, on pizza and &#8211; during cooking &#8211; to give&hellip;<\/p>\n","protected":false},"featured_media":13040,"comment_status":"open","ping_status":"closed","template":"","meta":{"_acf_changed":false},"product_brand":[],"product_cat":[936,933],"product_tag":[669,966,699],"class_list":{"0":"post-13431","1":"product","2":"type-product","3":"status-publish","4":"has-post-thumbnail","6":"product_cat-for-the-chef","7":"product_cat-novaro-specialities","8":"product_tag-liguria-en","9":"product_tag-pate-en-2","10":"product_tag-taggiasca-en","11":"pa_cultivar-olive-taggiasca-olive","12":"pa_ideale-per-baked-chicken","13":"pa_ideale-per-boiled-meat","14":"pa_ideale-per-bruschetta","15":"pa_ideale-per-focaccia-and-pizza-dough","16":"pa_ideale-per-garnishing-of-elaborate-dishes","17":"pa_ideale-per-grilled-meat","18":"pa_ideale-per-on-pizza","19":"pa_ideale-per-pasta-seasoning","20":"pa_ideale-per-preparation-of-sauces","21":"pa_ideale-per-casserole-rabbit","22":"pa_ideale-per-stir-fried-meat-and-vegetables","23":"pa_ideale-per-stock-fish","24":"pa_intensita-tasty-but-not-overpowering","25":"description-off","27":"first","28":"instock","29":"taxable","30":"shipping-taxable","31":"purchasable","32":"product-type-simple"},"acf":[],"yoast_head":"<!-- This site is optimized with the Yoast SEO plugin v24.3 - https:\/\/yoast.com\/wordpress\/plugins\/seo\/ -->\n<title>Taggiasca Olive Pat\u00e8 500 g - Olio Novaro<\/title>\n<meta name=\"description\" content=\"Novaro Taggiasca Olive Pat\u00e8: tasty and full of all the flavours of Taggiasca olives; ideal for canap\u00e9s, to flavour meat and sauces, on pasta\" \/>\n<meta name=\"robots\" content=\"index, follow, max-snippet:-1, max-image-preview:large, max-video-preview:-1\" \/>\n<link rel=\"canonical\" href=\"https:\/\/www.olionovaro.it\/en\/prodotto\/taggiasca-olive-pate-500-g\/\" \/>\n<meta property=\"og:locale\" content=\"en_US\" \/>\n<meta property=\"og:type\" content=\"article\" \/>\n<meta property=\"og:title\" content=\"Taggiasca Olive Pat\u00e8 500 g - Olio Novaro\" \/>\n<meta property=\"og:description\" content=\"Novaro Taggiasca Olive Pat\u00e8: tasty and full of all the flavours of Taggiasca olives; ideal for canap\u00e9s, to flavour meat and sauces, on pasta\" \/>\n<meta property=\"og:url\" content=\"https:\/\/www.olionovaro.it\/en\/prodotto\/taggiasca-olive-pate-500-g\/\" \/>\n<meta property=\"og:site_name\" content=\"Olio Novaro\" \/>\n<meta property=\"article:modified_time\" content=\"2024-06-22T09:39:09+00:00\" \/>\n<meta property=\"og:image\" content=\"https:\/\/www.olionovaro.it\/wp-content\/uploads\/2024\/03\/Olio-Novaro-sfondo-bianco-pate-olive-taggiasche-500g.jpg\" \/>\n\t<meta property=\"og:image:width\" content=\"1500\" \/>\n\t<meta property=\"og:image:height\" content=\"1404\" \/>\n\t<meta property=\"og:image:type\" content=\"image\/jpeg\" \/>\n<meta name=\"twitter:card\" content=\"summary_large_image\" \/>\n<meta name=\"twitter:label1\" content=\"Est. reading time\" \/>\n\t<meta name=\"twitter:data1\" content=\"1 minute\" \/>\n<script type=\"application\/ld+json\" class=\"yoast-schema-graph\">{\"@context\":\"https:\/\/schema.org\",\"@graph\":[{\"@type\":\"WebPage\",\"@id\":\"https:\/\/www.olionovaro.it\/en\/prodotto\/taggiasca-olive-pate-500-g\/\",\"url\":\"https:\/\/www.olionovaro.it\/en\/prodotto\/taggiasca-olive-pate-500-g\/\",\"name\":\"Taggiasca Olive Pat\u00e8 500 g - Olio Novaro\",\"isPartOf\":{\"@id\":\"https:\/\/www.olionovaro.it\/en\/#website\"},\"primaryImageOfPage\":{\"@id\":\"https:\/\/www.olionovaro.it\/en\/prodotto\/taggiasca-olive-pate-500-g\/#primaryimage\"},\"image\":{\"@id\":\"https:\/\/www.olionovaro.it\/en\/prodotto\/taggiasca-olive-pate-500-g\/#primaryimage\"},\"thumbnailUrl\":\"https:\/\/www.olionovaro.it\/wp-content\/uploads\/2024\/03\/Olio-Novaro-sfondo-bianco-pate-olive-taggiasche-500g.jpg\",\"datePublished\":\"2024-03-14T12:24:27+00:00\",\"dateModified\":\"2024-06-22T09:39:09+00:00\",\"description\":\"Novaro Taggiasca Olive Pat\u00e8: tasty and full of all the flavours of Taggiasca olives; ideal for canap\u00e9s, to flavour meat and sauces, on pasta\",\"breadcrumb\":{\"@id\":\"https:\/\/www.olionovaro.it\/en\/prodotto\/taggiasca-olive-pate-500-g\/#breadcrumb\"},\"inLanguage\":\"en-US\",\"potentialAction\":[{\"@type\":\"ReadAction\",\"target\":[\"https:\/\/www.olionovaro.it\/en\/prodotto\/taggiasca-olive-pate-500-g\/\"]}]},{\"@type\":\"ImageObject\",\"inLanguage\":\"en-US\",\"@id\":\"https:\/\/www.olionovaro.it\/en\/prodotto\/taggiasca-olive-pate-500-g\/#primaryimage\",\"url\":\"https:\/\/www.olionovaro.it\/wp-content\/uploads\/2024\/03\/Olio-Novaro-sfondo-bianco-pate-olive-taggiasche-500g.jpg\",\"contentUrl\":\"https:\/\/www.olionovaro.it\/wp-content\/uploads\/2024\/03\/Olio-Novaro-sfondo-bianco-pate-olive-taggiasche-500g.jpg\",\"width\":1500,\"height\":1404,\"caption\":\"Pate' di oliva Taggiasca Novaro 500 g\"},{\"@type\":\"BreadcrumbList\",\"@id\":\"https:\/\/www.olionovaro.it\/en\/prodotto\/taggiasca-olive-pate-500-g\/#breadcrumb\",\"itemListElement\":[{\"@type\":\"ListItem\",\"position\":1,\"name\":\"Home\",\"item\":\"https:\/\/www.olionovaro.it\/en\/\"},{\"@type\":\"ListItem\",\"position\":2,\"name\":\"Shop Online\",\"item\":\"https:\/\/www.olionovaro.it\/shop\/\"},{\"@type\":\"ListItem\",\"position\":3,\"name\":\"Taggiasca Olive Pat\u00e8 500 g\"}]},{\"@type\":\"WebSite\",\"@id\":\"https:\/\/www.olionovaro.it\/en\/#website\",\"url\":\"https:\/\/www.olionovaro.it\/en\/\",\"name\":\"Olio Novaro\",\"description\":\"Novaro \u00e8 un&#039;antica Casa Olearia, costituita nel 1921\",\"publisher\":{\"@id\":\"https:\/\/www.olionovaro.it\/en\/#organization\"},\"potentialAction\":[{\"@type\":\"SearchAction\",\"target\":{\"@type\":\"EntryPoint\",\"urlTemplate\":\"https:\/\/www.olionovaro.it\/en\/?s={search_term_string}\"},\"query-input\":{\"@type\":\"PropertyValueSpecification\",\"valueRequired\":true,\"valueName\":\"search_term_string\"}}],\"inLanguage\":\"en-US\"},{\"@type\":\"Organization\",\"@id\":\"https:\/\/www.olionovaro.it\/en\/#organization\",\"name\":\"Olio Novaro\",\"url\":\"https:\/\/www.olionovaro.it\/en\/\",\"logo\":{\"@type\":\"ImageObject\",\"inLanguage\":\"en-US\",\"@id\":\"https:\/\/www.olionovaro.it\/en\/#\/schema\/logo\/image\/\",\"url\":\"https:\/\/www.olionovaro.it\/wp-content\/uploads\/2021\/08\/Marchio_Rosso-_frondeeacf04_e_scritta_h100.png\",\"contentUrl\":\"https:\/\/www.olionovaro.it\/wp-content\/uploads\/2021\/08\/Marchio_Rosso-_frondeeacf04_e_scritta_h100.png\",\"width\":556,\"height\":100,\"caption\":\"Olio Novaro\"},\"image\":{\"@id\":\"https:\/\/www.olionovaro.it\/en\/#\/schema\/logo\/image\/\"}}]}<\/script>\n<!-- \/ Yoast SEO plugin. -->","yoast_head_json":{"title":"Taggiasca Olive Pat\u00e8 500 g - Olio Novaro","description":"Novaro Taggiasca Olive Pat\u00e8: tasty and full of all the flavours of Taggiasca olives; ideal for canap\u00e9s, to flavour meat and sauces, on pasta","robots":{"index":"index","follow":"follow","max-snippet":"max-snippet:-1","max-image-preview":"max-image-preview:large","max-video-preview":"max-video-preview:-1"},"canonical":"https:\/\/www.olionovaro.it\/en\/prodotto\/taggiasca-olive-pate-500-g\/","og_locale":"en_US","og_type":"article","og_title":"Taggiasca Olive Pat\u00e8 500 g - Olio Novaro","og_description":"Novaro Taggiasca Olive Pat\u00e8: tasty and full of all the flavours of Taggiasca olives; ideal for canap\u00e9s, to flavour meat and sauces, on pasta","og_url":"https:\/\/www.olionovaro.it\/en\/prodotto\/taggiasca-olive-pate-500-g\/","og_site_name":"Olio Novaro","article_modified_time":"2024-06-22T09:39:09+00:00","og_image":[{"width":1500,"height":1404,"url":"https:\/\/www.olionovaro.it\/wp-content\/uploads\/2024\/03\/Olio-Novaro-sfondo-bianco-pate-olive-taggiasche-500g.jpg","type":"image\/jpeg"}],"twitter_card":"summary_large_image","twitter_misc":{"Est. reading time":"1 minute"},"schema":{"@context":"https:\/\/schema.org","@graph":[{"@type":"WebPage","@id":"https:\/\/www.olionovaro.it\/en\/prodotto\/taggiasca-olive-pate-500-g\/","url":"https:\/\/www.olionovaro.it\/en\/prodotto\/taggiasca-olive-pate-500-g\/","name":"Taggiasca Olive Pat\u00e8 500 g - Olio Novaro","isPartOf":{"@id":"https:\/\/www.olionovaro.it\/en\/#website"},"primaryImageOfPage":{"@id":"https:\/\/www.olionovaro.it\/en\/prodotto\/taggiasca-olive-pate-500-g\/#primaryimage"},"image":{"@id":"https:\/\/www.olionovaro.it\/en\/prodotto\/taggiasca-olive-pate-500-g\/#primaryimage"},"thumbnailUrl":"https:\/\/www.olionovaro.it\/wp-content\/uploads\/2024\/03\/Olio-Novaro-sfondo-bianco-pate-olive-taggiasche-500g.jpg","datePublished":"2024-03-14T12:24:27+00:00","dateModified":"2024-06-22T09:39:09+00:00","description":"Novaro Taggiasca Olive Pat\u00e8: tasty and full of all the flavours of Taggiasca olives; ideal for canap\u00e9s, to flavour meat and sauces, on pasta","breadcrumb":{"@id":"https:\/\/www.olionovaro.it\/en\/prodotto\/taggiasca-olive-pate-500-g\/#breadcrumb"},"inLanguage":"en-US","potentialAction":[{"@type":"ReadAction","target":["https:\/\/www.olionovaro.it\/en\/prodotto\/taggiasca-olive-pate-500-g\/"]}]},{"@type":"ImageObject","inLanguage":"en-US","@id":"https:\/\/www.olionovaro.it\/en\/prodotto\/taggiasca-olive-pate-500-g\/#primaryimage","url":"https:\/\/www.olionovaro.it\/wp-content\/uploads\/2024\/03\/Olio-Novaro-sfondo-bianco-pate-olive-taggiasche-500g.jpg","contentUrl":"https:\/\/www.olionovaro.it\/wp-content\/uploads\/2024\/03\/Olio-Novaro-sfondo-bianco-pate-olive-taggiasche-500g.jpg","width":1500,"height":1404,"caption":"Pate' di oliva Taggiasca Novaro 500 g"},{"@type":"BreadcrumbList","@id":"https:\/\/www.olionovaro.it\/en\/prodotto\/taggiasca-olive-pate-500-g\/#breadcrumb","itemListElement":[{"@type":"ListItem","position":1,"name":"Home","item":"https:\/\/www.olionovaro.it\/en\/"},{"@type":"ListItem","position":2,"name":"Shop Online","item":"https:\/\/www.olionovaro.it\/shop\/"},{"@type":"ListItem","position":3,"name":"Taggiasca Olive Pat\u00e8 500 g"}]},{"@type":"WebSite","@id":"https:\/\/www.olionovaro.it\/en\/#website","url":"https:\/\/www.olionovaro.it\/en\/","name":"Olio Novaro","description":"Novaro \u00e8 un&#039;antica Casa Olearia, costituita nel 1921","publisher":{"@id":"https:\/\/www.olionovaro.it\/en\/#organization"},"potentialAction":[{"@type":"SearchAction","target":{"@type":"EntryPoint","urlTemplate":"https:\/\/www.olionovaro.it\/en\/?s={search_term_string}"},"query-input":{"@type":"PropertyValueSpecification","valueRequired":true,"valueName":"search_term_string"}}],"inLanguage":"en-US"},{"@type":"Organization","@id":"https:\/\/www.olionovaro.it\/en\/#organization","name":"Olio Novaro","url":"https:\/\/www.olionovaro.it\/en\/","logo":{"@type":"ImageObject","inLanguage":"en-US","@id":"https:\/\/www.olionovaro.it\/en\/#\/schema\/logo\/image\/","url":"https:\/\/www.olionovaro.it\/wp-content\/uploads\/2021\/08\/Marchio_Rosso-_frondeeacf04_e_scritta_h100.png","contentUrl":"https:\/\/www.olionovaro.it\/wp-content\/uploads\/2021\/08\/Marchio_Rosso-_frondeeacf04_e_scritta_h100.png","width":556,"height":100,"caption":"Olio Novaro"},"image":{"@id":"https:\/\/www.olionovaro.it\/en\/#\/schema\/logo\/image\/"}}]}},"_links":{"self":[{"href":"https:\/\/www.olionovaro.it\/en\/wp-json\/wp\/v2\/product\/13431","targetHints":{"allow":["GET"]}}],"collection":[{"href":"https:\/\/www.olionovaro.it\/en\/wp-json\/wp\/v2\/product"}],"about":[{"href":"https:\/\/www.olionovaro.it\/en\/wp-json\/wp\/v2\/types\/product"}],"replies":[{"embeddable":true,"href":"https:\/\/www.olionovaro.it\/en\/wp-json\/wp\/v2\/comments?post=13431"}],"wp:featuredmedia":[{"embeddable":true,"href":"https:\/\/www.olionovaro.it\/en\/wp-json\/wp\/v2\/media\/13040"}],"wp:attachment":[{"href":"https:\/\/www.olionovaro.it\/en\/wp-json\/wp\/v2\/media?parent=13431"}],"wp:term":[{"taxonomy":"product_brand","embeddable":true,"href":"https:\/\/www.olionovaro.it\/en\/wp-json\/wp\/v2\/product_brand?post=13431"},{"taxonomy":"product_cat","embeddable":true,"href":"https:\/\/www.olionovaro.it\/en\/wp-json\/wp\/v2\/product_cat?post=13431"},{"taxonomy":"product_tag","embeddable":true,"href":"https:\/\/www.olionovaro.it\/en\/wp-json\/wp\/v2\/product_tag?post=13431"}],"curies":[{"name":"wp","href":"https:\/\/api.w.org\/{rel}","templated":true}]}}